{"id":211,"date":"2021-09-05T08:41:02","date_gmt":"2021-09-05T08:41:02","guid":{"rendered":"https:\/\/ignatianspiritualityandyoga.com\/?page_id=211"},"modified":"2021-09-09T18:38:43","modified_gmt":"2021-09-09T18:38:43","slug":"ignatian-contemplation","status":"publish","type":"page","link":"https:\/\/ignatianspiritualityandyoga.com\/es\/practices\/ignatian-contemplation\/","title":{"rendered":"Contemplaci\u00f3n Ignaciana"},"content":{"rendered":"<div data-elementor-type=\"wp-page\" data-elementor-id=\"211\" data-post-id=\"211\" data-obj-id=\"211\" class=\"elementor elementor-211 dce-elementor-post-211\" data-elementor-settings=\"[]\">\n\t\t\t\t\t\t<div class=\"elementor-inner\">\n\t\t\t\t\t\t\t<div class=\"elementor-section-wrap\">\n\t\t\t\t\t\t\t<section class=\"elementor-section elementor-top-section elementor-element elementor-element-3e247cb elementor-section-content-middle elementor-section-boxed elementor-section-height-default elementor-section-height-default\" data-id=\"3e247cb\" data-element_type=\"section\">\n\t\t\t\t\t\t<div class=\"elementor-container elementor-column-gap-no\">\n\t\t\t\t\t\t\t<div class=\"elementor-row\">\n\t\t\t\t\t<div class=\"elementor-column elementor-col-50 elementor-top-column elementor-element elementor-element-38e6b5f\" data-id=\"38e6b5f\" data-element_type=\"column\">\n\t\t\t<div class=\"elementor-column-wrap elementor-element-populated\">\n\t\t\t\t\t\t\t<div class=\"elementor-widget-wrap\">\n\t\t\t\t\t\t<div class=\"elementor-element elementor-element-045288f dce_masking-none elementor-widget elementor-widget-image\" data-id=\"045288f\" data-element_type=\"widget\" data-widget_type=\"image.default\">\n\t\t\t\t<div class=\"elementor-widget-container\">\n\t\t\t\t\t\t\t\t<div class=\"elementor-image\">\n\t\t\t\t\t\t\t\t\t\t\t\t<img loading=\"lazy\" decoding=\"async\" width=\"672\" height=\"716\" src=\"https:\/\/ignatianspiritualityandyoga.com\/wp-content\/uploads\/2021\/09\/ignatian-spirituality-yoga-27.jpg\" class=\"attachment-large size-large\" alt=\"\" srcset=\"https:\/\/ignatianspiritualityandyoga.com\/wp-content\/uploads\/2021\/09\/ignatian-spirituality-yoga-27.jpg 672w, https:\/\/ignatianspiritualityandyoga.com\/wp-content\/uploads\/2021\/09\/ignatian-spirituality-yoga-27-282x300.jpg 282w\" sizes=\"auto, (max-width: 672px) 100vw, 672px\" \/>\t\t\t\t\t\t\t\t\t\t\t\t\t\t<\/div>\n\t\t\t\t\t\t<\/div>\n\t\t\t\t<\/div>\n\t\t\t\t<div class=\"elementor-element elementor-element-f950acf elementor-widget__width-initial dce_masking-none elementor-widget elementor-widget-image\" data-id=\"f950acf\" data-element_type=\"widget\" data-widget_type=\"image.default\">\n\t\t\t\t<div class=\"elementor-widget-container\">\n\t\t\t\t\t\t\t\t<div class=\"elementor-image\">\n\t\t\t\t\t\t\t\t\t\t\t\t<img loading=\"lazy\" decoding=\"async\" width=\"179\" height=\"128\" src=\"https:\/\/ignatianspiritualityandyoga.com\/wp-content\/uploads\/2021\/09\/ignatian-spirituality-yoga-28.jpg\" class=\"attachment-large size-large\" alt=\"\" \/>\t\t\t\t\t\t\t\t\t\t\t\t\t\t<\/div>\n\t\t\t\t\t\t<\/div>\n\t\t\t\t<\/div>\n\t\t\t\t<div class=\"elementor-element elementor-element-68d3ed4 elementor-widget__width-initial dce_masking-none elementor-widget elementor-widget-image\" data-id=\"68d3ed4\" data-element_type=\"widget\" data-widget_type=\"image.default\">\n\t\t\t\t<div class=\"elementor-widget-container\">\n\t\t\t\t\t\t\t\t<div class=\"elementor-image\">\n\t\t\t\t\t\t\t\t\t\t\t\t<img loading=\"lazy\" decoding=\"async\" width=\"268\" height=\"256\" src=\"https:\/\/ignatianspiritualityandyoga.com\/wp-content\/uploads\/2021\/09\/ignatian-spirituality-yoga-29.jpg\" class=\"attachment-large size-large\" alt=\"\" \/>\t\t\t\t\t\t\t\t\t\t\t\t\t\t<\/div>\n\t\t\t\t\t\t<\/div>\n\t\t\t\t<\/div>\n\t\t\t\t\t\t<\/div>\n\t\t\t\t\t<\/div>\n\t\t<\/div>\n\t\t\t\t<div class=\"elementor-column elementor-col-50 elementor-top-column elementor-element elementor-element-56d5368\" data-id=\"56d5368\" data-element_type=\"column\">\n\t\t\t<div class=\"elementor-column-wrap elementor-element-populated\">\n\t\t\t\t\t\t\t<div class=\"elementor-widget-wrap\">\n\t\t\t\t\t\t<div class=\"elementor-element elementor-element-82842a1 elementor-widget elementor-widget-heading\" data-id=\"82842a1\" data-element_type=\"widget\" data-widget_type=\"heading.default\">\n\t\t\t\t<div class=\"elementor-widget-container\">\n\t\t\t<h2 class=\"elementor-heading-title elementor-size-default\">Contemplaci\u00f3n Ignaciana<\/h2>\t\t<\/div>\n\t\t\t\t<\/div>\n\t\t\t\t<div class=\"elementor-element elementor-element-6a27da9 elementor-widget elementor-widget-text-editor\" data-id=\"6a27da9\" data-element_type=\"widget\" data-widget_type=\"text-editor.default\">\n\t\t\t\t<div class=\"elementor-widget-container\">\n\t\t\t\t\t\t\t\t<div class=\"elementor-text-editor elementor-clearfix\">\n\t\t\t\t<p>En la oraci\u00f3n contemplativa, buscamos conocer a Dios directamente en lugar de buscar conocer a Dios. Buscamos experimentar la presencia de Dios.<\/p><p>Tiene profundas ra\u00edces en la tradici\u00f3n cristiana, que se remonta al monaquismo cristiano del siglo IV en Egipto. En el siglo V, San Juan Casiano transport\u00f3 la tradici\u00f3n de la oraci\u00f3n meditativa al Occidente cristiano. San Benito (480-547) hizo un uso extensivo de la colecci\u00f3n de ense\u00f1anzas de John Cassian y, por lo tanto, Cassian tuvo una gran influencia en la vida mon\u00e1stica en Occidente, donde esta tradici\u00f3n de oraci\u00f3n se mantuvo fuerte hasta que se perdi\u00f3 en el momento de la Reforma. .<\/p><p>Poco antes de la Reforma, La nube del desconocimiento fue escrita por un escritor cat\u00f3lico ingl\u00e9s desconocido del siglo XIV. M\u00edsticos como Teresa de \u00c1vila (1515-1582) y San Juan de la Cruz (1542-1591) tambi\u00e9n escriben sobre el poder de la oraci\u00f3n contemplativa.<\/p>\t\t\t\t\t<\/div>\n\t\t\t\t\t\t<\/div>\n\t\t\t\t<\/div>\n\t\t\t\t\t\t<\/div>\n\t\t\t\t\t<\/div>\n\t\t<\/div>\n\t\t\t\t\t\t\t\t<\/div>\n\t\t\t\t\t<\/div>\n\t\t<\/section>\n\t\t\t\t<section class=\"elementor-section elementor-top-section elementor-element elementor-element-7c5ab6f3 elementor-section-boxed elementor-section-height-default elementor-section-height-default\" data-id=\"7c5ab6f3\" data-element_type=\"section\">\n\t\t\t\t\t\t<div class=\"elementor-container elementor-column-gap-no\">\n\t\t\t\t\t\t\t<div class=\"elementor-row\">\n\t\t\t\t\t<div class=\"elementor-column elementor-col-100 elementor-top-column elementor-element elementor-element-42b5cd3\" data-id=\"42b5cd3\" data-element_type=\"column\">\n\t\t\t<div class=\"elementor-column-wrap elementor-element-populated\">\n\t\t\t\t\t\t\t<div class=\"elementor-widget-wrap\">\n\t\t\t\t\t\t<div class=\"elementor-element elementor-element-3b950d29 elementor-widget elementor-widget-heading\" data-id=\"3b950d29\" data-element_type=\"widget\" data-widget_type=\"heading.default\">\n\t\t\t\t<div class=\"elementor-widget-container\">\n\t\t\t<h2 class=\"elementor-heading-title elementor-size-default\">C\u00d3MO HACER LA CONTEMPLACI\u00d3N IGNATIANA<\/h2>\t\t<\/div>\n\t\t\t\t<\/div>\n\t\t\t\t<section class=\"elementor-section elementor-inner-section elementor-element elementor-element-585abd6 elementor-section-boxed elementor-section-height-default elementor-section-height-default\" data-id=\"585abd6\" data-element_type=\"section\">\n\t\t\t\t\t\t<div class=\"elementor-container elementor-column-gap-default\">\n\t\t\t\t\t\t\t<div class=\"elementor-row\">\n\t\t\t\t\t<div class=\"elementor-column elementor-col-33 elementor-inner-column elementor-element elementor-element-b28d94c\" data-id=\"b28d94c\" data-element_type=\"column\">\n\t\t\t<div class=\"elementor-column-wrap elementor-element-populated\">\n\t\t\t\t\t\t\t<div class=\"elementor-widget-wrap\">\n\t\t\t\t\t\t<div class=\"elementor-element elementor-element-1899bbe9 elementor-widget__width-auto elementor-absolute elementor-widget elementor-widget-heading\" data-id=\"1899bbe9\" data-element_type=\"widget\" data-settings=\"{&quot;_position&quot;:&quot;absolute&quot;}\" data-widget_type=\"heading.default\">\n\t\t\t\t<div class=\"elementor-widget-container\">\n\t\t\t<div class=\"elementor-heading-title elementor-size-default\">1<\/div>\t\t<\/div>\n\t\t\t\t<\/div>\n\t\t\t\t<div class=\"elementor-element elementor-element-5e173fdd elementor-widget elementor-widget-text-editor\" data-id=\"5e173fdd\" data-element_type=\"widget\" data-widget_type=\"text-editor.default\">\n\t\t\t\t<div class=\"elementor-widget-container\">\n\t\t\t\t\t\t\t\t<div class=\"elementor-text-editor elementor-clearfix\">\n\t\t\t\t<p>Recuerda que est\u00e1s en la presencia de Dios. Pide apertura y receptividad a todo lo que este encuentro te pueda agradar.<\/p>\t\t\t\t\t<\/div>\n\t\t\t\t\t\t<\/div>\n\t\t\t\t<\/div>\n\t\t\t\t\t\t<\/div>\n\t\t\t\t\t<\/div>\n\t\t<\/div>\n\t\t\t\t<div class=\"elementor-column elementor-col-33 elementor-inner-column elementor-element elementor-element-31c4f3ef\" data-id=\"31c4f3ef\" data-element_type=\"column\">\n\t\t\t<div class=\"elementor-column-wrap elementor-element-populated\">\n\t\t\t\t\t\t\t<div class=\"elementor-widget-wrap\">\n\t\t\t\t\t\t<div class=\"elementor-element elementor-element-5120834c elementor-widget__width-auto elementor-absolute elementor-widget elementor-widget-heading\" data-id=\"5120834c\" data-element_type=\"widget\" data-settings=\"{&quot;_position&quot;:&quot;absolute&quot;}\" data-widget_type=\"heading.default\">\n\t\t\t\t<div class=\"elementor-widget-container\">\n\t\t\t<div class=\"elementor-heading-title elementor-size-default\">2<\/div>\t\t<\/div>\n\t\t\t\t<\/div>\n\t\t\t\t<div class=\"elementor-element elementor-element-23b40c7a elementor-widget elementor-widget-text-editor\" data-id=\"23b40c7a\" data-element_type=\"widget\" data-widget_type=\"text-editor.default\">\n\t\t\t\t<div class=\"elementor-widget-container\">\n\t\t\t\t\t\t\t\t<div class=\"elementor-text-editor elementor-clearfix\">\n\t\t\t\t<p>Lea el pasaje lentamente.<\/p>\t\t\t\t\t<\/div>\n\t\t\t\t\t\t<\/div>\n\t\t\t\t<\/div>\n\t\t\t\t\t\t<\/div>\n\t\t\t\t\t<\/div>\n\t\t<\/div>\n\t\t\t\t<div class=\"elementor-column elementor-col-33 elementor-inner-column elementor-element elementor-element-c6af225\" data-id=\"c6af225\" data-element_type=\"column\">\n\t\t\t<div class=\"elementor-column-wrap elementor-element-populated\">\n\t\t\t\t\t\t\t<div class=\"elementor-widget-wrap\">\n\t\t\t\t\t\t<div class=\"elementor-element elementor-element-2e709014 elementor-widget__width-auto elementor-absolute elementor-widget elementor-widget-heading\" data-id=\"2e709014\" data-element_type=\"widget\" data-settings=\"{&quot;_position&quot;:&quot;absolute&quot;}\" data-widget_type=\"heading.default\">\n\t\t\t\t<div class=\"elementor-widget-container\">\n\t\t\t<div class=\"elementor-heading-title elementor-size-default\">3<\/div>\t\t<\/div>\n\t\t\t\t<\/div>\n\t\t\t\t<div class=\"elementor-element elementor-element-31acf69d elementor-widget elementor-widget-text-editor\" data-id=\"31acf69d\" data-element_type=\"widget\" data-widget_type=\"text-editor.default\">\n\t\t\t\t<div class=\"elementor-widget-container\">\n\t\t\t\t\t\t\t\t<div class=\"elementor-text-editor elementor-clearfix\">\n\t\t\t\t<p>L\u00e9elo por segunda vez.<\/p>\t\t\t\t\t<\/div>\n\t\t\t\t\t\t<\/div>\n\t\t\t\t<\/div>\n\t\t\t\t\t\t<\/div>\n\t\t\t\t\t<\/div>\n\t\t<\/div>\n\t\t\t\t\t\t\t\t<\/div>\n\t\t\t\t\t<\/div>\n\t\t<\/section>\n\t\t\t\t<section class=\"elementor-section elementor-inner-section elementor-element elementor-element-3d2e00bf elementor-section-boxed elementor-section-height-default elementor-section-height-default\" data-id=\"3d2e00bf\" data-element_type=\"section\">\n\t\t\t\t\t\t<div class=\"elementor-container elementor-column-gap-default\">\n\t\t\t\t\t\t\t<div class=\"elementor-row\">\n\t\t\t\t\t<div class=\"elementor-column elementor-col-33 elementor-inner-column elementor-element elementor-element-16b74133\" data-id=\"16b74133\" data-element_type=\"column\">\n\t\t\t<div class=\"elementor-column-wrap elementor-element-populated\">\n\t\t\t\t\t\t\t<div class=\"elementor-widget-wrap\">\n\t\t\t\t\t\t<div class=\"elementor-element elementor-element-6511bbe9 elementor-widget__width-auto elementor-absolute elementor-widget elementor-widget-heading\" data-id=\"6511bbe9\" data-element_type=\"widget\" data-settings=\"{&quot;_position&quot;:&quot;absolute&quot;}\" data-widget_type=\"heading.default\">\n\t\t\t\t<div class=\"elementor-widget-container\">\n\t\t\t<div class=\"elementor-heading-title elementor-size-default\">4<\/div>\t\t<\/div>\n\t\t\t\t<\/div>\n\t\t\t\t<div class=\"elementor-element elementor-element-49255c04 elementor-widget elementor-widget-text-editor\" data-id=\"49255c04\" data-element_type=\"widget\" data-widget_type=\"text-editor.default\">\n\t\t\t\t<div class=\"elementor-widget-container\">\n\t\t\t\t\t\t\t\t<div class=\"elementor-text-editor elementor-clearfix\">\n\t\t\t\t<p>Crea la escena en tu imaginaci\u00f3n. Preste atenci\u00f3n a los detalles: im\u00e1genes, sonidos, sabores, olores y sensaciones del evento. La precisi\u00f3n o relevancia hist\u00f3rica son de poca importancia. Si\u00e9ntete libre de ir m\u00e1s all\u00e1 del texto del Evangelio.<\/p>\t\t\t\t\t<\/div>\n\t\t\t\t\t\t<\/div>\n\t\t\t\t<\/div>\n\t\t\t\t\t\t<\/div>\n\t\t\t\t\t<\/div>\n\t\t<\/div>\n\t\t\t\t<div class=\"elementor-column elementor-col-33 elementor-inner-column elementor-element elementor-element-2749a3f3\" data-id=\"2749a3f3\" data-element_type=\"column\">\n\t\t\t<div class=\"elementor-column-wrap elementor-element-populated\">\n\t\t\t\t\t\t\t<div class=\"elementor-widget-wrap\">\n\t\t\t\t\t\t<div class=\"elementor-element elementor-element-885f1eb elementor-widget__width-auto elementor-absolute elementor-widget elementor-widget-heading\" data-id=\"885f1eb\" data-element_type=\"widget\" data-settings=\"{&quot;_position&quot;:&quot;absolute&quot;}\" data-widget_type=\"heading.default\">\n\t\t\t\t<div class=\"elementor-widget-container\">\n\t\t\t<div class=\"elementor-heading-title elementor-size-default\">5<\/div>\t\t<\/div>\n\t\t\t\t<\/div>\n\t\t\t\t<div class=\"elementor-element elementor-element-62e3b083 elementor-widget elementor-widget-text-editor\" data-id=\"62e3b083\" data-element_type=\"widget\" data-widget_type=\"text-editor.default\">\n\t\t\t\t<div class=\"elementor-widget-container\">\n\t\t\t\t\t\t\t\t<div class=\"elementor-text-editor elementor-clearfix\">\n\t\t\t\t<p>Col\u00f3cate en la escena. Convi\u00e9rtete en un participante de la escena y deja volar tu imaginaci\u00f3n. Pi\u00e9rdete en la historia. Interact\u00faa con los personajes.<\/p>\t\t\t\t\t<\/div>\n\t\t\t\t\t\t<\/div>\n\t\t\t\t<\/div>\n\t\t\t\t\t\t<\/div>\n\t\t\t\t\t<\/div>\n\t\t<\/div>\n\t\t\t\t<div class=\"elementor-column elementor-col-33 elementor-inner-column elementor-element elementor-element-32fdaa33\" data-id=\"32fdaa33\" data-element_type=\"column\">\n\t\t\t<div class=\"elementor-column-wrap elementor-element-populated\">\n\t\t\t\t\t\t\t<div class=\"elementor-widget-wrap\">\n\t\t\t\t\t\t<div class=\"elementor-element elementor-element-10a1b886 elementor-widget__width-auto elementor-absolute elementor-widget elementor-widget-heading\" data-id=\"10a1b886\" data-element_type=\"widget\" data-settings=\"{&quot;_position&quot;:&quot;absolute&quot;}\" data-widget_type=\"heading.default\">\n\t\t\t\t<div class=\"elementor-widget-container\">\n\t\t\t<div class=\"elementor-heading-title elementor-size-default\">6<\/div>\t\t<\/div>\n\t\t\t\t<\/div>\n\t\t\t\t<div class=\"elementor-element elementor-element-52f92eae elementor-widget elementor-widget-text-editor\" data-id=\"52f92eae\" data-element_type=\"widget\" data-widget_type=\"text-editor.default\">\n\t\t\t\t<div class=\"elementor-widget-container\">\n\t\t\t\t\t\t\t\t<div class=\"elementor-text-editor elementor-clearfix\">\n\t\t\t\t<p>Regrese al pasaje y l\u00e9alo una vez m\u00e1s. \u00bfC\u00f3mo ha cambiado tu comprensi\u00f3n?<\/p>\t\t\t\t\t<\/div>\n\t\t\t\t\t\t<\/div>\n\t\t\t\t<\/div>\n\t\t\t\t\t\t<\/div>\n\t\t\t\t\t<\/div>\n\t\t<\/div>\n\t\t\t\t\t\t\t\t<\/div>\n\t\t\t\t\t<\/div>\n\t\t<\/section>\n\t\t\t\t\t\t<\/div>\n\t\t\t\t\t<\/div>\n\t\t<\/div>\n\t\t\t\t\t\t\t\t<\/div>\n\t\t\t\t\t<\/div>\n\t\t<\/section>\n\t\t\t\t<section class=\"elementor-section elementor-top-section elementor-element elementor-element-184c99a7 elementor-section-boxed elementor-section-height-default elementor-section-height-default\" data-id=\"184c99a7\" data-element_type=\"section\">\n\t\t\t\t\t\t<div class=\"elementor-container elementor-column-gap-no\">\n\t\t\t\t\t\t\t<div class=\"elementor-row\">\n\t\t\t\t\t<div class=\"elementor-column elementor-col-100 elementor-top-column elementor-element elementor-element-3232c9ae\" data-id=\"3232c9ae\" data-element_type=\"column\">\n\t\t\t<div class=\"elementor-column-wrap elementor-element-populated\">\n\t\t\t\t\t\t\t<div class=\"elementor-widget-wrap\">\n\t\t\t\t\t\t<div class=\"elementor-element elementor-element-3547b3c5 elementor-blockquote--skin-clean elementor-blockquote--align-center elementor-blockquote--button-color-official elementor-widget elementor-widget-blockquote\" data-id=\"3547b3c5\" data-element_type=\"widget\" data-widget_type=\"blockquote.default\">\n\t\t\t\t<div class=\"elementor-widget-container\">\n\t\t\t\t\t<blockquote class=\"elementor-blockquote\">\n\t\t\t<p class=\"elementor-blockquote__content\">\n\t\t\t\tContemplar una escena del Evangelio no es simplemente recordar o retroceder en el tiempo. A trav\u00e9s del acto de contemplaci\u00f3n, el Esp\u00edritu Santo hace presente un misterio de la vida de Jes\u00fas de una manera que es significativa para ti ahora. Use su imaginaci\u00f3n para profundizar en la historia para que Dios pueda comunicarse con usted de una manera personal y evocadora.\t\t\t<\/p>\n\t\t\t\t\t\t\t<footer>\n\t\t\t\t\t\t\t\t\t\t\t<cite class=\"elementor-blockquote__author\">Kevin O\u2019Brien, SJ, The Ignatian Adventure<\/cite>\n\t\t\t\t\t\t\t\t\t\t\t\t\t\t<\/footer>\n\t\t\t\t\t<\/blockquote>\n\t\t\t\t<\/div>\n\t\t\t\t<\/div>\n\t\t\t\t\t\t<\/div>\n\t\t\t\t\t<\/div>\n\t\t<\/div>\n\t\t\t\t\t\t\t\t<\/div>\n\t\t\t\t\t<\/div>\n\t\t<\/section>\n\t\t\t\t\t\t<\/div>\n\t\t\t\t\t\t<\/div>\n\t\t\t\t\t<\/div>","protected":false},"excerpt":{"rendered":"<p>In contemplative prayer, we are seeking to know God directly rather than seeking to know about God. We are seeking to experience God\u2019s presence. It has deep roots in the Christian tradition, dating back to the Christian monasticism of the 4th century in Egypt. By the fifth century, St. John Cassian transported the tradition of [&hellip;]<\/p>","protected":false},"author":2,"featured_media":0,"parent":210,"menu_order":0,"comment_status":"closed","ping_status":"closed","template":"","meta":{"footnotes":""},"class_list":["post-211","page","type-page","status-publish","hentry"],"yoast_head":"<!-- This site is optimized with the Yoast SEO plugin v17.4 - https:\/\/yoast.com\/wordpress\/plugins\/seo\/ -->\n<title>Ignatian Contemplation - Ignatian Spirituality &amp; Yoga<\/title>\n<meta name=\"robots\" content=\"index, follow, max-snippet:-1, max-image-preview:large, max-video-preview:-1\" \/>\n<link rel=\"canonical\" href=\"https:\/\/ignatianspiritualityandyoga.com\/es\/practices\/ignatian-contemplation\/\" \/>\n<meta property=\"og:locale\" content=\"es_MX\" \/>\n<meta property=\"og:type\" content=\"article\" \/>\n<meta property=\"og:title\" content=\"Ignatian Contemplation - Ignatian Spirituality &amp; Yoga\" \/>\n<meta property=\"og:description\" content=\"In contemplative prayer, we are seeking to know God directly rather than seeking to know about God. We are seeking to experience God\u2019s presence. It has deep roots in the Christian tradition, dating back to the Christian monasticism of the 4th century in Egypt. By the fifth century, St. John Cassian transported the tradition of [&hellip;]\" \/>\n<meta property=\"og:url\" content=\"https:\/\/ignatianspiritualityandyoga.com\/es\/practices\/ignatian-contemplation\/\" \/>\n<meta property=\"og:site_name\" content=\"Ignatian Spirituality &amp; Yoga\" \/>\n<meta property=\"article:modified_time\" content=\"2021-09-09T18:38:43+00:00\" \/>\n<meta property=\"og:image\" content=\"https:\/\/ignatianspiritualityandyoga.com\/wp-content\/uploads\/2021\/09\/ignatian-spirituality-yoga-27.jpg\" \/>\n<meta name=\"twitter:card\" content=\"summary_large_image\" \/>\n<meta name=\"twitter:label1\" content=\"Tiempo de lectura\" \/>\n\t<meta name=\"twitter:data1\" content=\"3 minutos\" \/>\n<script type=\"application\/ld+json\" class=\"yoast-schema-graph\">{\"@context\":\"https:\/\/schema.org\",\"@graph\":[{\"@type\":\"WebSite\",\"@id\":\"https:\/\/ignatianspiritualityandyoga.com\/#website\",\"url\":\"https:\/\/ignatianspiritualityandyoga.com\/\",\"name\":\"Ignatian Spirituality &amp; Yoga\",\"description\":\"\",\"potentialAction\":[{\"@type\":\"SearchAction\",\"target\":{\"@type\":\"EntryPoint\",\"urlTemplate\":\"https:\/\/ignatianspiritualityandyoga.com\/?s={search_term_string}\"},\"query-input\":\"required name=search_term_string\"}],\"inLanguage\":\"es\"},{\"@type\":\"ImageObject\",\"@id\":\"https:\/\/ignatianspiritualityandyoga.com\/practices\/ignatian-contemplation\/#primaryimage\",\"inLanguage\":\"es\",\"url\":\"https:\/\/ignatianspiritualityandyoga.com\/wp-content\/uploads\/2021\/09\/ignatian-spirituality-yoga-27.jpg\",\"contentUrl\":\"https:\/\/ignatianspiritualityandyoga.com\/wp-content\/uploads\/2021\/09\/ignatian-spirituality-yoga-27.jpg\",\"width\":672,\"height\":716},{\"@type\":\"WebPage\",\"@id\":\"https:\/\/ignatianspiritualityandyoga.com\/practices\/ignatian-contemplation\/#webpage\",\"url\":\"https:\/\/ignatianspiritualityandyoga.com\/practices\/ignatian-contemplation\/\",\"name\":\"Ignatian Contemplation - Ignatian Spirituality &amp; Yoga\",\"isPartOf\":{\"@id\":\"https:\/\/ignatianspiritualityandyoga.com\/#website\"},\"primaryImageOfPage\":{\"@id\":\"https:\/\/ignatianspiritualityandyoga.com\/practices\/ignatian-contemplation\/#primaryimage\"},\"datePublished\":\"2021-09-05T08:41:02+00:00\",\"dateModified\":\"2021-09-09T18:38:43+00:00\",\"breadcrumb\":{\"@id\":\"https:\/\/ignatianspiritualityandyoga.com\/practices\/ignatian-contemplation\/#breadcrumb\"},\"inLanguage\":\"es\",\"potentialAction\":[{\"@type\":\"ReadAction\",\"target\":[\"https:\/\/ignatianspiritualityandyoga.com\/practices\/ignatian-contemplation\/\"]}]},{\"@type\":\"BreadcrumbList\",\"@id\":\"https:\/\/ignatianspiritualityandyoga.com\/practices\/ignatian-contemplation\/#breadcrumb\",\"itemListElement\":[{\"@type\":\"ListItem\",\"position\":1,\"name\":\"Home\",\"item\":\"https:\/\/ignatianspiritualityandyoga.com\/\"},{\"@type\":\"ListItem\",\"position\":2,\"name\":\"Our Practices\",\"item\":\"https:\/\/ignatianspiritualityandyoga.com\/practices\/\"},{\"@type\":\"ListItem\",\"position\":3,\"name\":\"Ignatian Contemplation\"}]}]}<\/script>\n<!-- \/ Yoast SEO plugin. -->","yoast_head_json":{"title":"Ignatian Contemplation - Ignatian Spirituality &amp; Yoga","robots":{"index":"index","follow":"follow","max-snippet":"max-snippet:-1","max-image-preview":"max-image-preview:large","max-video-preview":"max-video-preview:-1"},"canonical":"https:\/\/ignatianspiritualityandyoga.com\/es\/practices\/ignatian-contemplation\/","og_locale":"es_MX","og_type":"article","og_title":"Ignatian Contemplation - Ignatian Spirituality &amp; Yoga","og_description":"In contemplative prayer, we are seeking to know God directly rather than seeking to know about God. We are seeking to experience God\u2019s presence. It has deep roots in the Christian tradition, dating back to the Christian monasticism of the 4th century in Egypt. By the fifth century, St. John Cassian transported the tradition of [&hellip;]","og_url":"https:\/\/ignatianspiritualityandyoga.com\/es\/practices\/ignatian-contemplation\/","og_site_name":"Ignatian Spirituality &amp; Yoga","article_modified_time":"2021-09-09T18:38:43+00:00","og_image":[{"url":"https:\/\/ignatianspiritualityandyoga.com\/wp-content\/uploads\/2021\/09\/ignatian-spirituality-yoga-27.jpg"}],"twitter_card":"summary_large_image","twitter_misc":{"Tiempo de lectura":"3 minutos"},"schema":{"@context":"https:\/\/schema.org","@graph":[{"@type":"WebSite","@id":"https:\/\/ignatianspiritualityandyoga.com\/#website","url":"https:\/\/ignatianspiritualityandyoga.com\/","name":"Ignatian Spirituality &amp; Yoga","description":"","potentialAction":[{"@type":"SearchAction","target":{"@type":"EntryPoint","urlTemplate":"https:\/\/ignatianspiritualityandyoga.com\/?s={search_term_string}"},"query-input":"required name=search_term_string"}],"inLanguage":"es"},{"@type":"ImageObject","@id":"https:\/\/ignatianspiritualityandyoga.com\/practices\/ignatian-contemplation\/#primaryimage","inLanguage":"es","url":"https:\/\/ignatianspiritualityandyoga.com\/wp-content\/uploads\/2021\/09\/ignatian-spirituality-yoga-27.jpg","contentUrl":"https:\/\/ignatianspiritualityandyoga.com\/wp-content\/uploads\/2021\/09\/ignatian-spirituality-yoga-27.jpg","width":672,"height":716},{"@type":"WebPage","@id":"https:\/\/ignatianspiritualityandyoga.com\/practices\/ignatian-contemplation\/#webpage","url":"https:\/\/ignatianspiritualityandyoga.com\/practices\/ignatian-contemplation\/","name":"Ignatian Contemplation - Ignatian Spirituality &amp; Yoga","isPartOf":{"@id":"https:\/\/ignatianspiritualityandyoga.com\/#website"},"primaryImageOfPage":{"@id":"https:\/\/ignatianspiritualityandyoga.com\/practices\/ignatian-contemplation\/#primaryimage"},"datePublished":"2021-09-05T08:41:02+00:00","dateModified":"2021-09-09T18:38:43+00:00","breadcrumb":{"@id":"https:\/\/ignatianspiritualityandyoga.com\/practices\/ignatian-contemplation\/#breadcrumb"},"inLanguage":"es","potentialAction":[{"@type":"ReadAction","target":["https:\/\/ignatianspiritualityandyoga.com\/practices\/ignatian-contemplation\/"]}]},{"@type":"BreadcrumbList","@id":"https:\/\/ignatianspiritualityandyoga.com\/practices\/ignatian-contemplation\/#breadcrumb","itemListElement":[{"@type":"ListItem","position":1,"name":"Home","item":"https:\/\/ignatianspiritualityandyoga.com\/"},{"@type":"ListItem","position":2,"name":"Our Practices","item":"https:\/\/ignatianspiritualityandyoga.com\/practices\/"},{"@type":"ListItem","position":3,"name":"Ignatian Contemplation"}]}]}},"_links":{"self":[{"href":"https:\/\/ignatianspiritualityandyoga.com\/es\/wp-json\/wp\/v2\/pages\/211","targetHints":{"allow":["GET"]}}],"collection":[{"href":"https:\/\/ignatianspiritualityandyoga.com\/es\/wp-json\/wp\/v2\/pages"}],"about":[{"href":"https:\/\/ignatianspiritualityandyoga.com\/es\/wp-json\/wp\/v2\/types\/page"}],"author":[{"embeddable":true,"href":"https:\/\/ignatianspiritualityandyoga.com\/es\/wp-json\/wp\/v2\/users\/2"}],"replies":[{"embeddable":true,"href":"https:\/\/ignatianspiritualityandyoga.com\/es\/wp-json\/wp\/v2\/comments?post=211"}],"version-history":[{"count":0,"href":"https:\/\/ignatianspiritualityandyoga.com\/es\/wp-json\/wp\/v2\/pages\/211\/revisions"}],"up":[{"embeddable":true,"href":"https:\/\/ignatianspiritualityandyoga.com\/es\/wp-json\/wp\/v2\/pages\/210"}],"wp:attachment":[{"href":"https:\/\/ignatianspiritualityandyoga.com\/es\/wp-json\/wp\/v2\/media?parent=211"}],"curies":[{"name":"wp","href":"https:\/\/api.w.org\/{rel}","templated":true}]}}